{"id":60997,"date":"2023-04-03T00:05:10","date_gmt":"2023-04-02T22:05:10","guid":{"rendered":"https:\/\/agust.it\/?post_type=product&#038;p=60997"},"modified":"2023-04-03T14:51:54","modified_gmt":"2023-04-03T12:51:54","slug":"dona-lucero","status":"publish","type":"product","link":"https:\/\/agust.it\/en\/prodotto\/dona-lucero\/","title":{"rendered":"Do\u00f1a Lucero"},"content":{"rendered":"<p>This coffee is grown in Guatemala in the district of Petat\u00e1n, Huehuetenango\u2019s region, by 80 local indigenous farmers.<\/p>\n<p>It was born from the collaboration started in 2020 between the Certified Speciality Coffee association CSC and the non-profit organization Amka, which was responsible for ensuring technical training and distributing agricultural material for cultivation, by entrusting the harvest to the cooperative Luxcaf\u00e8 which, in turn, took care to classify it and ship it to Italy.<\/p>\n<p>The project promotes the development of the productive and commercial activities of small farms, thus contributing to improve the particularly fragile living conditions of local women.<\/p>\n<p>This coffee is also certified by CSC that guarantees the top level of the individual origin, carrying out checks from the plantation to the cup.<br \/>\nOnce extracted we have a smell perception of distinct notes of amaretto and white chocolate, a taste which resumes notes of bakery with the addition of a strong hint of red fruits, in particular the one of the currant.<br \/>\nThe coffee cream is thin and compact with a silky body.  <\/p>\n","protected":false},"excerpt":{"rendered":"<p>This coffee is grown in Guatemala in the district of Petat\u00e1n, Huehuetenango\u2019s region, by 80 local indigenous farmers. It was [&hellip;]<\/p>\n","protected":false},"featured_media":60983,"template":"","meta":[],"product_cat":[316,317],"product_tag":[338],"yoast_head":"<!-- This site is optimized with the Yoast SEO plugin v17.6 - https:\/\/yoast.com\/wordpress\/plugins\/seo\/ -->\n<meta name=\"robots\" content=\"index, follow, max-snippet:-1, max-image-preview:large, max-video-preview:-1\" \/>\n<link rel=\"canonical\" href=\"https:\/\/agust.it\/en\/prodotto\/dona-lucero\/\" \/>\n<meta property=\"og:locale\" content=\"en_US\" \/>\n<meta property=\"og:type\" content=\"article\" \/>\n<meta property=\"og:title\" content=\"Do\u00f1a Lucero - Caff\u00e8 Agust\" \/>\n<meta property=\"og:description\" content=\"This coffee is grown in Guatemala in the district of Petat\u00e1n, Huehuetenango\u2019s region, by 80 local indigenous farmers. It was [&hellip;]\" \/>\n<meta property=\"og:url\" content=\"https:\/\/agust.it\/en\/prodotto\/dona-lucero\/\" \/>\n<meta property=\"og:site_name\" content=\"Caff\u00e8 Agust\" \/>\n<meta property=\"article:publisher\" content=\"https:\/\/www.facebook.com\/AgustCoffee\" \/>\n<meta property=\"article:modified_time\" content=\"2023-04-03T12:51:54+00:00\" \/>\n<meta property=\"og:image\" content=\"https:\/\/agust.it\/wp-content\/uploads\/2023\/03\/dona-lucero-Lato-sx-250g.png\" \/>\n\t<meta property=\"og:image:width\" content=\"1576\" \/>\n\t<meta property=\"og:image:height\" content=\"2362\" \/>\n<meta name=\"twitter:card\" content=\"summary_large_image\" \/>\n<meta name=\"twitter:site\" content=\"@AgustCoffee\" \/>\n<meta name=\"twitter:label1\" content=\"Est. reading time\" \/>\n\t<meta name=\"twitter:data1\" content=\"1 minute\" \/>\n<script type=\"application\/ld+json\" class=\"yoast-schema-graph\">{\"@context\":\"https:\/\/schema.org\",\"@graph\":[{\"@type\":\"WebSite\",\"@id\":\"https:\/\/agust.it\/#website\",\"url\":\"https:\/\/agust.it\/\",\"name\":\"Caff\\u00e8 Agust\",\"description\":\"Un nuovo sito targato WordPress\",\"potentialAction\":[{\"@type\":\"SearchAction\",\"target\":{\"@type\":\"EntryPoint\",\"urlTemplate\":\"https:\/\/agust.it\/?s={search_term_string}\"},\"query-input\":\"required name=search_term_string\"}],\"inLanguage\":\"en-US\"},{\"@type\":\"ImageObject\",\"@id\":\"https:\/\/agust.it\/en\/prodotto\/dona-lucero\/#primaryimage\",\"inLanguage\":\"en-US\",\"url\":\"https:\/\/agust.it\/wp-content\/uploads\/2023\/03\/dona-lucero-Lato-sx-250g.png\",\"contentUrl\":\"https:\/\/agust.it\/wp-content\/uploads\/2023\/03\/dona-lucero-Lato-sx-250g.png\",\"width\":1576,\"height\":2362},{\"@type\":\"WebPage\",\"@id\":\"https:\/\/agust.it\/en\/prodotto\/dona-lucero\/#webpage\",\"url\":\"https:\/\/agust.it\/en\/prodotto\/dona-lucero\/\",\"name\":\"Do\\u00f1a Lucero - Caff\\u00e8 Agust\",\"isPartOf\":{\"@id\":\"https:\/\/agust.it\/#website\"},\"primaryImageOfPage\":{\"@id\":\"https:\/\/agust.it\/en\/prodotto\/dona-lucero\/#primaryimage\"},\"datePublished\":\"2023-04-02T22:05:10+00:00\",\"dateModified\":\"2023-04-03T12:51:54+00:00\",\"breadcrumb\":{\"@id\":\"https:\/\/agust.it\/en\/prodotto\/dona-lucero\/#breadcrumb\"},\"inLanguage\":\"en-US\",\"potentialAction\":[{\"@type\":\"ReadAction\",\"target\":[\"https:\/\/agust.it\/en\/prodotto\/dona-lucero\/\"]}]},{\"@type\":\"BreadcrumbList\",\"@id\":\"https:\/\/agust.it\/en\/prodotto\/dona-lucero\/#breadcrumb\",\"itemListElement\":[{\"@type\":\"ListItem\",\"position\":1,\"name\":\"Home\",\"item\":\"https:\/\/agust.it\/en\/\"},{\"@type\":\"ListItem\",\"position\":2,\"name\":\"Shop\",\"item\":\"https:\/\/agust.it\/en\/shop\/\"},{\"@type\":\"ListItem\",\"position\":3,\"name\":\"Caff\\u00e8\",\"item\":\"https:\/\/agust.it\/cat-prodotto\/caffe\/\"},{\"@type\":\"ListItem\",\"position\":4,\"name\":\"Do\\u00f1a Lucero\"}]}]}<\/script>\n<!-- \/ Yoast SEO plugin. -->","yoast_head_json":{"robots":{"index":"index","follow":"follow","max-snippet":"max-snippet:-1","max-image-preview":"max-image-preview:large","max-video-preview":"max-video-preview:-1"},"canonical":"https:\/\/agust.it\/en\/prodotto\/dona-lucero\/","og_locale":"en_US","og_type":"article","og_title":"Do\u00f1a Lucero - Caff\u00e8 Agust","og_description":"This coffee is grown in Guatemala in the district of Petat\u00e1n, Huehuetenango\u2019s region, by 80 local indigenous farmers. It was [&hellip;]","og_url":"https:\/\/agust.it\/en\/prodotto\/dona-lucero\/","og_site_name":"Caff\u00e8 Agust","article_publisher":"https:\/\/www.facebook.com\/AgustCoffee","article_modified_time":"2023-04-03T12:51:54+00:00","og_image":[{"width":1576,"height":2362,"url":"https:\/\/agust.it\/wp-content\/uploads\/2023\/03\/dona-lucero-Lato-sx-250g.png","type":"image\/png"}],"twitter_card":"summary_large_image","twitter_site":"@AgustCoffee","twitter_misc":{"Est. reading time":"1 minute"},"schema":{"@context":"https:\/\/schema.org","@graph":[{"@type":"WebSite","@id":"https:\/\/agust.it\/#website","url":"https:\/\/agust.it\/","name":"Caff\u00e8 Agust","description":"Un nuovo sito targato WordPress","potentialAction":[{"@type":"SearchAction","target":{"@type":"EntryPoint","urlTemplate":"https:\/\/agust.it\/?s={search_term_string}"},"query-input":"required name=search_term_string"}],"inLanguage":"en-US"},{"@type":"ImageObject","@id":"https:\/\/agust.it\/en\/prodotto\/dona-lucero\/#primaryimage","inLanguage":"en-US","url":"https:\/\/agust.it\/wp-content\/uploads\/2023\/03\/dona-lucero-Lato-sx-250g.png","contentUrl":"https:\/\/agust.it\/wp-content\/uploads\/2023\/03\/dona-lucero-Lato-sx-250g.png","width":1576,"height":2362},{"@type":"WebPage","@id":"https:\/\/agust.it\/en\/prodotto\/dona-lucero\/#webpage","url":"https:\/\/agust.it\/en\/prodotto\/dona-lucero\/","name":"Do\u00f1a Lucero - Caff\u00e8 Agust","isPartOf":{"@id":"https:\/\/agust.it\/#website"},"primaryImageOfPage":{"@id":"https:\/\/agust.it\/en\/prodotto\/dona-lucero\/#primaryimage"},"datePublished":"2023-04-02T22:05:10+00:00","dateModified":"2023-04-03T12:51:54+00:00","breadcrumb":{"@id":"https:\/\/agust.it\/en\/prodotto\/dona-lucero\/#breadcrumb"},"inLanguage":"en-US","potentialAction":[{"@type":"ReadAction","target":["https:\/\/agust.it\/en\/prodotto\/dona-lucero\/"]}]},{"@type":"BreadcrumbList","@id":"https:\/\/agust.it\/en\/prodotto\/dona-lucero\/#breadcrumb","itemListElement":[{"@type":"ListItem","position":1,"name":"Home","item":"https:\/\/agust.it\/en\/"},{"@type":"ListItem","position":2,"name":"Shop","item":"https:\/\/agust.it\/en\/shop\/"},{"@type":"ListItem","position":3,"name":"Caff\u00e8","item":"https:\/\/agust.it\/cat-prodotto\/caffe\/"},{"@type":"ListItem","position":4,"name":"Do\u00f1a Lucero"}]}]}},"_links":{"self":[{"href":"https:\/\/agust.it\/en\/wp-json\/wp\/v2\/product\/60997"}],"collection":[{"href":"https:\/\/agust.it\/en\/wp-json\/wp\/v2\/product"}],"about":[{"href":"https:\/\/agust.it\/en\/wp-json\/wp\/v2\/types\/product"}],"wp:featuredmedia":[{"embeddable":true,"href":"https:\/\/agust.it\/en\/wp-json\/wp\/v2\/media\/60983"}],"wp:attachment":[{"href":"https:\/\/agust.it\/en\/wp-json\/wp\/v2\/media?parent=60997"}],"wp:term":[{"taxonomy":"product_cat","embeddable":true,"href":"https:\/\/agust.it\/en\/wp-json\/wp\/v2\/product_cat?post=60997"},{"taxonomy":"product_tag","embeddable":true,"href":"https:\/\/agust.it\/en\/wp-json\/wp\/v2\/product_tag?post=60997"}],"curies":[{"name":"wp","href":"https:\/\/api.w.org\/{rel}","templated":true}]}}